{"id":4565,"date":"2022-04-22T00:43:18","date_gmt":"2022-04-22T00:43:18","guid":{"rendered":"https:\/\/d-themes.com\/wordpress\/udesign\/dummy\/furniture\/?post_type=product&#038;p=4565"},"modified":"2023-07-18T17:01:22","modified_gmt":"2023-07-18T17:01:22","slug":"candle-holder","status":"publish","type":"product","link":"https:\/\/orta.pt\/en\/produto\/candle-holder\/","title":{"rendered":"VERDE Candle Holder"},"content":{"rendered":"<style>\n.woocommerce-Tabs-panel--description table th {\n    min-width: 13.8rem;\n    color: #323334;\n    font-weight: 600;\n    padding-left: 4px;\n}\n.woocommerce-Tabs-panel--description li::before {\n    color: #323334;\n}\n.description-boxes h3::after {\n    content: '';\n    position: absolute;\n    width: 41px;\n    height: 2px;\n    background-color: #323334;\n    left: 50%;\n    transform: translateX(-50%);\n    bottom: -1.6rem;\n}\n<\/style>\n<div class=\"row align-items-center\">\n<div class=\"col-md-6\">\n<div class=\"banner banner-fixed float-md-right\" style=\"border-radius: 1rem;\">\n<figure class=\"banner-img\"><img decoding=\"async\" style=\"background-color: #fff;\" src=\"https:\/\/orta.pt\/wp-content\/uploads\/2022\/04\/Candle_holder_banner.jpg\" alt=\"Banner\" width=\"600\" height=\"495\" \/><\/figure>\n<\/div>\n<\/div>\n<div class=\"col-md-6 order-md-first\">\n<h3 style=\"margin-bottom: 2.3rem; font-size: 1.8rem;\">Sobre o produto<\/h3>\n<p>Este elegante suporte para velas, \u00e9 perfeito para adicionar um toque de sofistica\u00e7\u00e3o e beleza a qualquer espa\u00e7o. Cuidadosamente projetado para combinar funcionalidade e estilo.<\/p>\n<h3 style=\"padding-top: 2.3rem; margin-bottom: 2.3rem; font-size: 1.8rem;\">Detalhes<\/h3>\n<table style=\"max-width: 56rem;\">\n<tbody>\n<tr>\n<th>Condi\u00e7\u00e3o<\/th>\n<td>Novo<\/td>\n<\/tr>\n<tr>\n<th>Material<\/th>\n<td>Ferro<\/td>\n<\/tr>\n<tr>\n<th>Tamanho<\/th>\n<td>12x4cm<\/td>\n<\/tr>\n<tr>\n<th>Cor<\/th>\n<td>Verde<\/td>\n<\/tr>\n<\/tbody>\n<\/table>\n<\/div>\n<\/div>\n<div class=\"row cols-md-3 mt-7 description-boxes\">\n<div>\n<div class=\"text-center\" style=\"padding: 3.7rem 2rem 1.6rem; border: 1px solid #e1e1e1; border-radius: 1rem;\">\n<h3 class=\"p-relative\" style=\"margin-bottom: 2.7rem; font-size: 1.4rem;\">Precisa de ajuda?<\/h3>\n<p>Encontramo-nos \u00e0 sua disposi\u00e7\u00e3o para esclarecer qualquer d\u00favida relativa a este processo.<\/p>\n<\/div>\n<\/div>\n<div>\n<div class=\"text-center\" style=\"padding: 3.7rem 2rem 1.6rem; border: 1px solid #e1e1e1; border-radius: 1rem;\">\n<h3 class=\"p-relative\" style=\"margin-bottom: 2.7rem; font-size: 1.4rem;\">Trocas e Devolu\u00e7\u00f5es<\/h3>\n<p>Pode efetuar a troca ou devolu\u00e7\u00e3o de todos os artigos que comprar num prazo de 15 dias. <\/p>\n<\/div>\n<\/div>\n<div>\n<div class=\"text-center\" style=\"padding: 3.7rem 2rem 1.6rem; border: 1px solid #e1e1e1; border-radius: 1rem;\">\n<h3 class=\"p-relative\" style=\"margin-bottom: 2.7rem; font-size: 1.4rem;\">Taxas<\/h3>\n<p>Todos os artigos apresentados no nosso site, j\u00e1 incluem IVA no pre\u00e7o apresentado.<\/p>\n<\/div>\n<\/div>\n<\/div>\n","protected":false},"excerpt":{"rendered":"<p>Sobre o produto Este elegante suporte para velas, \u00e9 perfeito para adicionar um toque de sofistica\u00e7\u00e3o e beleza a qualquer espa\u00e7o. Cuidadosamente projetado para combinar funcionalidade e estilo. Detalhes Condi\u00e7\u00e3o Novo Material Ferro Tamanho 12x4cm Cor Verde Precisa de ajuda? Encontramo-nos \u00e0 sua disposi\u00e7\u00e3o para esclarecer qualquer d\u00favida relativa a este processo. Trocas e Devolu\u00e7\u00f5es [&hellip;]<\/p>\n","protected":false},"featured_media":5845,"comment_status":"open","ping_status":"closed","template":"","meta":{"_mi_skip_tracking":false,"_monsterinsights_sitenote_active":false,"_monsterinsights_sitenote_note":"","_monsterinsights_sitenote_category":0},"product_cat":[53],"product_tag":[],"class_list":["post-4565","product","type-product","status-publish","has-post-thumbnail","hentry","product_cat-decor"],"yoast_head":"<!-- This site is optimized with the Yoast SEO plugin v21.3 - https:\/\/yoast.com\/wordpress\/plugins\/seo\/ -->\n<title>VERDE Candle Holder - Orta<\/title>\n<meta name=\"robots\" content=\"index, follow, max-snippet:-1, max-image-preview:large, max-video-preview:-1\" \/>\n<link rel=\"canonical\" href=\"https:\/\/orta.pt\/en\/produto\/candle-holder\/\" \/>\n<meta property=\"og:locale\" content=\"en_US\" \/>\n<meta property=\"og:type\" content=\"article\" \/>\n<meta property=\"og:title\" content=\"VERDE Candle Holder - Orta\" \/>\n<meta property=\"og:description\" content=\"Sobre o produto Este elegante suporte para velas, \u00e9 perfeito para adicionar um toque de sofistica\u00e7\u00e3o e beleza a qualquer espa\u00e7o. Cuidadosamente projetado para combinar funcionalidade e estilo. Detalhes Condi\u00e7\u00e3o Novo Material Ferro Tamanho 12x4cm Cor Verde Precisa de ajuda? Encontramo-nos \u00e0 sua disposi\u00e7\u00e3o para esclarecer qualquer d\u00favida relativa a este processo. Trocas e Devolu\u00e7\u00f5es [&hellip;]\" \/>\n<meta property=\"og:url\" content=\"https:\/\/orta.pt\/en\/produto\/candle-holder\/\" \/>\n<meta property=\"og:site_name\" content=\"Orta\" \/>\n<meta property=\"article:modified_time\" content=\"2023-07-18T17:01:22+00:00\" \/>\n<meta property=\"og:image\" content=\"https:\/\/orta.pt\/wp-content\/uploads\/2022\/04\/Candle_holder__01.jpg\" \/>\n\t<meta property=\"og:image:width\" content=\"800\" \/>\n\t<meta property=\"og:image:height\" content=\"900\" \/>\n\t<meta property=\"og:image:type\" content=\"image\/jpeg\" \/>\n<meta name=\"twitter:card\" content=\"summary_large_image\" \/>\n<script type=\"application\/ld+json\" class=\"yoast-schema-graph\">{\"@context\":\"https:\/\/schema.org\",\"@graph\":[{\"@type\":\"WebPage\",\"@id\":\"https:\/\/orta.pt\/en\/produto\/candle-holder\/\",\"url\":\"https:\/\/orta.pt\/en\/produto\/candle-holder\/\",\"name\":\"VERDE Candle Holder - Orta\",\"isPartOf\":{\"@id\":\"https:\/\/orta.pt\/en\/#website\"},\"datePublished\":\"2022-04-22T00:43:18+00:00\",\"dateModified\":\"2023-07-18T17:01:22+00:00\",\"breadcrumb\":{\"@id\":\"https:\/\/orta.pt\/en\/produto\/candle-holder\/#breadcrumb\"},\"inLanguage\":\"en-US\",\"potentialAction\":[{\"@type\":\"ReadAction\",\"target\":[\"https:\/\/orta.pt\/en\/produto\/candle-holder\/\"]}]},{\"@type\":\"BreadcrumbList\",\"@id\":\"https:\/\/orta.pt\/en\/produto\/candle-holder\/#breadcrumb\",\"itemListElement\":[{\"@type\":\"ListItem\",\"position\":1,\"name\":\"In\u00edcio\",\"item\":\"https:\/\/orta.pt\/en\/\"},{\"@type\":\"ListItem\",\"position\":2,\"name\":\"STORE\",\"item\":\"https:\/\/orta.pt\/en\/shop\/\"},{\"@type\":\"ListItem\",\"position\":3,\"name\":\"VERDE Candle Holder\"}]},{\"@type\":\"WebSite\",\"@id\":\"https:\/\/orta.pt\/en\/#website\",\"url\":\"https:\/\/orta.pt\/en\/\",\"name\":\"Orta\",\"description\":\"A special place where simplicity and nature join together to create unique and happy moments\",\"publisher\":{\"@id\":\"https:\/\/orta.pt\/en\/#organization\"},\"potentialAction\":[{\"@type\":\"SearchAction\",\"target\":{\"@type\":\"EntryPoint\",\"urlTemplate\":\"https:\/\/orta.pt\/en\/?s={search_term_string}\"},\"query-input\":\"required name=search_term_string\"}],\"inLanguage\":\"en-US\"},{\"@type\":\"Organization\",\"@id\":\"https:\/\/orta.pt\/en\/#organization\",\"name\":\"Orta\",\"url\":\"https:\/\/orta.pt\/en\/\",\"logo\":{\"@type\":\"ImageObject\",\"inLanguage\":\"en-US\",\"@id\":\"https:\/\/orta.pt\/en\/#\/schema\/logo\/image\/\",\"url\":\"https:\/\/orta.pt\/wp-content\/uploads\/2023\/07\/cropped-cropped-Logo_orta_2.png\",\"contentUrl\":\"https:\/\/orta.pt\/wp-content\/uploads\/2023\/07\/cropped-cropped-Logo_orta_2.png\",\"width\":472,\"height\":273,\"caption\":\"Orta\"},\"image\":{\"@id\":\"https:\/\/orta.pt\/en\/#\/schema\/logo\/image\/\"}}]}<\/script>\n<!-- \/ Yoast SEO plugin. -->","yoast_head_json":{"title":"VERDE Candle Holder - Orta","robots":{"index":"index","follow":"follow","max-snippet":"max-snippet:-1","max-image-preview":"max-image-preview:large","max-video-preview":"max-video-preview:-1"},"canonical":"https:\/\/orta.pt\/en\/produto\/candle-holder\/","og_locale":"en_US","og_type":"article","og_title":"VERDE Candle Holder - Orta","og_description":"Sobre o produto Este elegante suporte para velas, \u00e9 perfeito para adicionar um toque de sofistica\u00e7\u00e3o e beleza a qualquer espa\u00e7o. Cuidadosamente projetado para combinar funcionalidade e estilo. Detalhes Condi\u00e7\u00e3o Novo Material Ferro Tamanho 12x4cm Cor Verde Precisa de ajuda? Encontramo-nos \u00e0 sua disposi\u00e7\u00e3o para esclarecer qualquer d\u00favida relativa a este processo. Trocas e Devolu\u00e7\u00f5es [&hellip;]","og_url":"https:\/\/orta.pt\/en\/produto\/candle-holder\/","og_site_name":"Orta","article_modified_time":"2023-07-18T17:01:22+00:00","og_image":[{"width":800,"height":900,"url":"https:\/\/orta.pt\/wp-content\/uploads\/2022\/04\/Candle_holder__01.jpg","type":"image\/jpeg"}],"twitter_card":"summary_large_image","schema":{"@context":"https:\/\/schema.org","@graph":[{"@type":"WebPage","@id":"https:\/\/orta.pt\/en\/produto\/candle-holder\/","url":"https:\/\/orta.pt\/en\/produto\/candle-holder\/","name":"VERDE Candle Holder - Orta","isPartOf":{"@id":"https:\/\/orta.pt\/en\/#website"},"datePublished":"2022-04-22T00:43:18+00:00","dateModified":"2023-07-18T17:01:22+00:00","breadcrumb":{"@id":"https:\/\/orta.pt\/en\/produto\/candle-holder\/#breadcrumb"},"inLanguage":"en-US","potentialAction":[{"@type":"ReadAction","target":["https:\/\/orta.pt\/en\/produto\/candle-holder\/"]}]},{"@type":"BreadcrumbList","@id":"https:\/\/orta.pt\/en\/produto\/candle-holder\/#breadcrumb","itemListElement":[{"@type":"ListItem","position":1,"name":"In\u00edcio","item":"https:\/\/orta.pt\/en\/"},{"@type":"ListItem","position":2,"name":"STORE","item":"https:\/\/orta.pt\/en\/shop\/"},{"@type":"ListItem","position":3,"name":"VERDE Candle Holder"}]},{"@type":"WebSite","@id":"https:\/\/orta.pt\/en\/#website","url":"https:\/\/orta.pt\/en\/","name":"Orta","description":"A special place where simplicity and nature join together to create unique and happy moments","publisher":{"@id":"https:\/\/orta.pt\/en\/#organization"},"potentialAction":[{"@type":"SearchAction","target":{"@type":"EntryPoint","urlTemplate":"https:\/\/orta.pt\/en\/?s={search_term_string}"},"query-input":"required name=search_term_string"}],"inLanguage":"en-US"},{"@type":"Organization","@id":"https:\/\/orta.pt\/en\/#organization","name":"Orta","url":"https:\/\/orta.pt\/en\/","logo":{"@type":"ImageObject","inLanguage":"en-US","@id":"https:\/\/orta.pt\/en\/#\/schema\/logo\/image\/","url":"https:\/\/orta.pt\/wp-content\/uploads\/2023\/07\/cropped-cropped-Logo_orta_2.png","contentUrl":"https:\/\/orta.pt\/wp-content\/uploads\/2023\/07\/cropped-cropped-Logo_orta_2.png","width":472,"height":273,"caption":"Orta"},"image":{"@id":"https:\/\/orta.pt\/en\/#\/schema\/logo\/image\/"}}]}},"_links":{"self":[{"href":"https:\/\/orta.pt\/en\/wp-json\/wp\/v2\/product\/4565","targetHints":{"allow":["GET"]}}],"collection":[{"href":"https:\/\/orta.pt\/en\/wp-json\/wp\/v2\/product"}],"about":[{"href":"https:\/\/orta.pt\/en\/wp-json\/wp\/v2\/types\/product"}],"replies":[{"embeddable":true,"href":"https:\/\/orta.pt\/en\/wp-json\/wp\/v2\/comments?post=4565"}],"wp:featuredmedia":[{"embeddable":true,"href":"https:\/\/orta.pt\/en\/wp-json\/wp\/v2\/media\/5845"}],"wp:attachment":[{"href":"https:\/\/orta.pt\/en\/wp-json\/wp\/v2\/media?parent=4565"}],"wp:term":[{"taxonomy":"product_cat","embeddable":true,"href":"https:\/\/orta.pt\/en\/wp-json\/wp\/v2\/product_cat?post=4565"},{"taxonomy":"product_tag","embeddable":true,"href":"https:\/\/orta.pt\/en\/wp-json\/wp\/v2\/product_tag?post=4565"}],"curies":[{"name":"wp","href":"https:\/\/api.w.org\/{rel}","templated":true}]}}